{"id":689,"date":"2025-06-26T13:35:52","date_gmt":"2025-06-26T11:35:52","guid":{"rendered":"https:\/\/www.pinocchioandfriends.tv\/pl\/?page_id=689"},"modified":"2025-06-26T13:35:53","modified_gmt":"2025-06-26T11:35:53","slug":"deklaracja-dostepnosci","status":"publish","type":"page","link":"https:\/\/www.pinocchioandfriends.tv\/pl\/deklaracja-dostepnosci\/","title":{"rendered":"Deklaracja Dost\u0119pno\u015bci"},"content":{"rendered":"\n<p>Strona internetowa:\u00a0<a href=\"https:\/\/www.pinocchioandfriends.tv\/pl\/\">https:\/\/www.pinocchioandfriends.tv\/pl\/<\/a><\/p>\n\n\n\n<p>Odpowiedzialny za publikacj\u0119:\u00a0Rainbow s.p.a.<\/p>\n\n\n\n<p>Data deklaracji: 19.06.2025<\/p>\n\n\n\n<hr class=\"wp-block-separator has-alpha-channel-opacity\"\/>\n\n\n\n<h3 class=\"wp-block-heading\">Zobowi\u0105zanie do Zapewnienia Dost\u0119pno\u015bci<\/h3>\n\n\n\n<p>Rainbow s.p.a. zobowi\u0105zuje si\u0119 do zapewnienia\u00a0<strong>dost\u0119pno\u015bci<\/strong>\u00a0swojej strony internetowej dla wszystkich u\u017cytkownik\u00f3w, niezale\u017cnie od ich mo\u017cliwo\u015bci czy niepe\u0142nosprawno\u015bci. Uwa\u017camy za fundamentalne oferowanie inkluzywnego do\u015bwiadczenia cyfrowego, kt\u00f3re umo\u017cliwia ka\u017cdemu dost\u0119p do oferowanych informacji i us\u0142ug.<\/p>\n\n\n\n<hr class=\"wp-block-separator has-alpha-channel-opacity\"\/>\n\n\n\n<h3 class=\"wp-block-heading\">Standardy Dost\u0119pno\u015bci<\/h3>\n\n\n\n<p>Firma stawia sobie za cel zapewnienie zgodno\u015bci strony z wytycznymi&nbsp;<strong>WCAG (Web Content Accessibility Guidelines) 2.1 &#8211; Poziom AA<\/strong>, poprzez stopniowe i ulepszaj\u0105ce interwencje, kt\u00f3re uwzgl\u0119dniaj\u0105 cztery podstawowe zasady:<\/p>\n\n\n\n<ul class=\"wp-block-list\"><li><strong>Postrzegalno\u015b\u0107<\/strong>: Informacje i komponenty interfejsu u\u017cytkownika musz\u0105 by\u0107 przedstawione u\u017cytkownikom w spos\u00f3b, kt\u00f3ry mog\u0105 postrzega\u0107.<\/li><li><strong>Wykonalno\u015b\u0107<\/strong>: Komponenty interfejsu u\u017cytkownika i nawigacja musz\u0105 by\u0107 wykonalne.<\/li><li><strong>Zrozumia\u0142o\u015b\u0107<\/strong>: Informacje i obs\u0142uga interfejsu u\u017cytkownika musz\u0105 by\u0107 zrozumia\u0142e.<\/li><li><strong>Solidno\u015b\u0107<\/strong>: Tre\u015b\u0107 musi by\u0107 wystarczaj\u0105co solidna, aby mog\u0142a by\u0107 wiarygodnie interpretowana przez szeroki zakres agent\u00f3w u\u017cytkownika, w tym przez urz\u0105dzenia wspomagaj\u0105ce.<\/li><\/ul>\n\n\n\n<hr class=\"wp-block-separator has-alpha-channel-opacity\"\/>\n\n\n\n<h3 class=\"wp-block-heading\">Wdro\u017cone Technologie Wspomagaj\u0105ce<\/h3>\n\n\n\n<p>W celu poprawy dost\u0119pno\u015bci strony zainstalowano&nbsp;<strong>widget<\/strong>, kt\u00f3ry umo\u017cliwia u\u017cytkownikom personalizacj\u0119 interfejsu u\u017cytkownika zgodnie z ich potrzebami, u\u0142atwiaj\u0105c nawigacj\u0119 i interakcj\u0119 z tre\u015bci\u0105.<\/p>\n\n\n\n<hr class=\"wp-block-separator has-alpha-channel-opacity\"\/>\n\n\n\n<h3 class=\"wp-block-heading\">Status Dost\u0119pno\u015bci<\/h3>\n\n\n\n<p>Niniejsza strona internetowa jest&nbsp;<strong>cz\u0119\u015bciowo zgodna<\/strong>&nbsp;z wymogami dost\u0119pno\u015bci przewidzianymi w Dekrecie Legislacyjnym z dnia 10 sierpnia 2018 r., n. 106, kt\u00f3ry implementuje Dyrektyw\u0119 (UE) 2016\/2102, i jest stopniowo dostosowywana r\u00f3wnie\u017c do wymog\u00f3w wprowadzonych przez Dyrektyw\u0119 (UE) 2019\/882 &#8211; European Accessibility Act (EAA). Trwaj\u0105 prace techniczne i redakcyjne maj\u0105ce na celu zapewnienie pe\u0142nej zgodno\u015bci z WCAG 2.1, poziom AA.<\/p>\n\n\n\n<hr class=\"wp-block-separator has-alpha-channel-opacity\"\/>\n\n\n\n<h3 class=\"wp-block-heading\">Terminy i Zobowi\u0105zania<\/h3>\n\n\n\n<p>Audyt techniczny zosta\u0142 przeprowadzony\u00a0<strong>19.06.2025<\/strong>, z identyfikacj\u0105 g\u0142\u00f3wnych krytycznych punkt\u00f3w, dost\u0119pnych pod adresem:\u00a0<a href=\"https:\/\/www.rbw.it\/eaa\/pinocchioandfriends.tv\/pl\/\">https:\/\/www.rbw.it\/eaa\/pinocchioandfriends.tv\/pl\/<\/a>.<\/p>\n\n\n\n<p>Uruchomiono plan dostosowawczy, z przypisaniem priorytet\u00f3w do najbardziej krytycznych interwencji. Pe\u0142na deklaracja, zgodnie z obowi\u0105zuj\u0105cymi przepisami, b\u0119dzie aktualizowana co najmniej raz w roku lub w zwi\u0105zku z wydaniem znacz\u0105co zmodyfikowanych wersji strony.<\/p>\n\n\n\n<hr class=\"wp-block-separator has-alpha-channel-opacity\"\/>\n\n\n\n<h3 class=\"wp-block-heading\">Obecnie Niedost\u0119pne Tre\u015bci<\/h3>\n\n\n\n<p>W oczekiwaniu na zako\u0144czenie dostosowania, niekt\u00f3re sekcje lub funkcjonalno\u015bci strony mog\u0105 by\u0107 cz\u0119\u015bciowo niedost\u0119pne, w szczeg\u00f3lno\u015bci:<\/p>\n\n\n\n<ul class=\"wp-block-list\"><li>Pliki PDF nieprawid\u0142owo ustrukturyzowane<\/li><li>Formularze bez poprawnych etykiet semantycznych<\/li><li>Elementy graficzne bez alternatywnego opisu<\/li><\/ul>\n\n\n\n<hr class=\"wp-block-separator has-alpha-channel-opacity\"\/>\n\n\n\n<h3 class=\"wp-block-heading\">Tryb Zg\u0142aszania<\/h3>\n\n\n\n<p>Z zadowoleniem przyjmujemy opinie u\u017cytkownik\u00f3w w celu poprawy dost\u0119pno\u015bci strony. Je\u015bli napotkasz trudno\u015bci lub masz sugestie, zapraszamy do kontaktu:<\/p>\n\n\n\n<ul class=\"wp-block-list\"><li><strong>Email<\/strong>: support@rbw.it<\/li><li><strong>Formularz kontaktowy<\/strong>:\u00a0<a href=\"https:\/\/www.rbw.it\/it\/contatti\/contattaci\/\"><a href=\"https:\/\/www.rbw.it\/it\/contatti\/contattaci\/\">https:\/\/www.rbw.it\/it\/contatti\/contattaci\/<\/a><\/a><\/li><\/ul>\n\n\n\n<p>Ka\u017cde zg\u0142oszenie zostanie ocenione w ci\u0105gu&nbsp;<strong>30 dni<\/strong>&nbsp;i, je\u015bli to mo\u017cliwe, zostanie udzielona odpowied\u017a lub alternatywne dost\u0119pne rozwi\u0105zanie.<\/p>\n\n\n\n<hr class=\"wp-block-separator has-alpha-channel-opacity\"\/>\n\n\n\n<h3 class=\"wp-block-heading\">Podstawa Prawna<\/h3>\n\n\n\n<p>Niniejsza deklaracja zosta\u0142a sporz\u0105dzona na podstawie wzoru deklaracji przewidzianego w Decyzji wykonawczej (UE) 2018\/1523 Komisji Europejskiej i zgodnie ze wskazaniami AGID &#8211; Agenzia per l&#8217;Italia Digitale.<\/p>\n\n\n\n<ul class=\"wp-block-list\"><li><strong>Decyzja 2018\/1523 (PDF)<\/strong>:&nbsp;<a rel=\"noreferrer noopener\" href=\"https:\/\/eur-lex.europa.eu\/legal-content\/IT\/TXT\/PDF\/?uri=CELEX:32018D1523&amp;from=IT\" target=\"_blank\">https:\/\/eur-lex.europa.eu\/legal-content\/IT\/TXT\/PDF\/?uri=CELEX:32018D1523&amp;from=IT<\/a><\/li><li><strong>Wytyczne AGID<\/strong>:&nbsp;<a rel=\"noreferrer noopener\" href=\"https:\/\/www.agid.gov.it\/it\/design-servizi\/accessibilita\" target=\"_blank\">https:\/\/www.agid.gov.it\/it\/design-servizi\/accessibilita<\/a><\/li><\/ul>\n","protected":false},"excerpt":{"rendered":"<p>Strona internetowa:\u00a0https:\/\/www.pinocchioandfriends.tv\/pl\/ Odpowiedzialny za publikacj\u0119:\u00a0Rainbow s.p.a. Data deklaracji: 19.06.2025 Zobowi\u0105zanie do Zapewnienia Dost\u0119pno\u015bci Rainbow s.p.a. zobowi\u0105zuje si\u0119 do zapewnienia\u00a0dost\u0119pno\u015bci\u00a0swojej strony internetowej dla wszystkich u\u017cytkownik\u00f3w, niezale\u017cnie od ich mo\u017cliwo\u015bci czy niepe\u0142nosprawno\u015bci. Uwa\u017camy za fundamentalne oferowanie inkluzywnego do\u015bwiadczenia cyfrowego, kt\u00f3re umo\u017cliwia ka\u017cdemu dost\u0119p do oferowanych informacji i us\u0142ug. Standardy Dost\u0119pno\u015bci Firma stawia sobie za cel zapewnienie zgodno\u015bci [&#8230;]<\/p>\n<p><a class=\"btn btn-secondary understrap-read-more-link\" href=\"https:\/\/www.pinocchioandfriends.tv\/pl\/deklaracja-dostepnosci\/\">Czytaj dalej\u2026<span class=\"screen-reader-text\"> from Deklaracja Dost\u0119pno\u015bci<\/span><\/a><\/p>\n","protected":false},"author":6,"featured_media":0,"parent":0,"menu_order":0,"comment_status":"closed","ping_status":"closed","template":"","meta":{"_acf_changed":false,"footnotes":""},"categories":[],"tags":[],"class_list":["post-689","page","type-page","status-publish","hentry"],"acf":[],"yoast_head":"<!-- This site is optimized with the Yoast SEO plugin v27.3 - https:\/\/yoast.com\/product\/yoast-seo-wordpress\/ -->\n<title>Deklaracja Dost\u0119pno\u015bci - Pinokio i Przyjaciele<\/title>\n<meta name=\"robots\" content=\"index, follow, max-snippet:-1, max-image-preview:large, max-video-preview:-1\" \/>\n<link rel=\"canonical\" href=\"https:\/\/www.pinocchioandfriends.tv\/pl\/deklaracja-dostepnosci\/\" \/>\n<meta property=\"og:locale\" content=\"pl_PL\" \/>\n<meta property=\"og:type\" content=\"article\" \/>\n<meta property=\"og:title\" content=\"Deklaracja Dost\u0119pno\u015bci - Pinokio i Przyjaciele\" \/>\n<meta property=\"og:description\" content=\"Strona internetowa:\u00a0https:\/\/www.pinocchioandfriends.tv\/pl\/ Odpowiedzialny za publikacj\u0119:\u00a0Rainbow s.p.a. Data deklaracji: 19.06.2025 Zobowi\u0105zanie do Zapewnienia Dost\u0119pno\u015bci Rainbow s.p.a. zobowi\u0105zuje si\u0119 do zapewnienia\u00a0dost\u0119pno\u015bci\u00a0swojej strony internetowej dla wszystkich u\u017cytkownik\u00f3w, niezale\u017cnie od ich mo\u017cliwo\u015bci czy niepe\u0142nosprawno\u015bci. Uwa\u017camy za fundamentalne oferowanie inkluzywnego do\u015bwiadczenia cyfrowego, kt\u00f3re umo\u017cliwia ka\u017cdemu dost\u0119p do oferowanych informacji i us\u0142ug. Standardy Dost\u0119pno\u015bci Firma stawia sobie za cel zapewnienie zgodno\u015bci [...]Czytaj dalej\u2026 from Deklaracja Dost\u0119pno\u015bci\" \/>\n<meta property=\"og:url\" content=\"https:\/\/www.pinocchioandfriends.tv\/pl\/deklaracja-dostepnosci\/\" \/>\n<meta property=\"og:site_name\" content=\"Pinokio i Przyjaciele\" \/>\n<meta property=\"article:modified_time\" content=\"2025-06-26T11:35:53+00:00\" \/>\n<meta name=\"twitter:card\" content=\"summary_large_image\" \/>\n<meta name=\"twitter:label1\" content=\"Szacowany czas czytania\" \/>\n\t<meta name=\"twitter:data1\" content=\"3 minuty\" \/>\n<script type=\"application\/ld+json\" class=\"yoast-schema-graph\">{\"@context\":\"https:\\\/\\\/schema.org\",\"@graph\":[{\"@type\":\"WebPage\",\"@id\":\"https:\\\/\\\/www.pinocchioandfriends.tv\\\/pl\\\/deklaracja-dostepnosci\\\/\",\"url\":\"https:\\\/\\\/www.pinocchioandfriends.tv\\\/pl\\\/deklaracja-dostepnosci\\\/\",\"name\":\"Deklaracja Dost\u0119pno\u015bci - Pinokio i Przyjaciele\",\"isPartOf\":{\"@id\":\"https:\\\/\\\/www.pinocchioandfriends.tv\\\/pl\\\/#website\"},\"datePublished\":\"2025-06-26T11:35:52+00:00\",\"dateModified\":\"2025-06-26T11:35:53+00:00\",\"breadcrumb\":{\"@id\":\"https:\\\/\\\/www.pinocchioandfriends.tv\\\/pl\\\/deklaracja-dostepnosci\\\/#breadcrumb\"},\"inLanguage\":\"pl-PL\",\"potentialAction\":[{\"@type\":\"ReadAction\",\"target\":[\"https:\\\/\\\/www.pinocchioandfriends.tv\\\/pl\\\/deklaracja-dostepnosci\\\/\"]}]},{\"@type\":\"BreadcrumbList\",\"@id\":\"https:\\\/\\\/www.pinocchioandfriends.tv\\\/pl\\\/deklaracja-dostepnosci\\\/#breadcrumb\",\"itemListElement\":[{\"@type\":\"ListItem\",\"position\":1,\"name\":\"Home\",\"item\":\"https:\\\/\\\/www.pinocchioandfriends.tv\\\/pl\\\/\"},{\"@type\":\"ListItem\",\"position\":2,\"name\":\"Deklaracja Dost\u0119pno\u015bci\"}]},{\"@type\":\"WebSite\",\"@id\":\"https:\\\/\\\/www.pinocchioandfriends.tv\\\/pl\\\/#website\",\"url\":\"https:\\\/\\\/www.pinocchioandfriends.tv\\\/pl\\\/\",\"name\":\"Pinokio i Przyjaciele\",\"description\":\"\",\"publisher\":{\"@id\":\"https:\\\/\\\/www.pinocchioandfriends.tv\\\/pl\\\/#organization\"},\"potentialAction\":[{\"@type\":\"SearchAction\",\"target\":{\"@type\":\"EntryPoint\",\"urlTemplate\":\"https:\\\/\\\/www.pinocchioandfriends.tv\\\/pl\\\/?s={search_term_string}\"},\"query-input\":{\"@type\":\"PropertyValueSpecification\",\"valueRequired\":true,\"valueName\":\"search_term_string\"}}],\"inLanguage\":\"pl-PL\"},{\"@type\":\"Organization\",\"@id\":\"https:\\\/\\\/www.pinocchioandfriends.tv\\\/pl\\\/#organization\",\"name\":\"Pinokio i Przyjaciele\",\"url\":\"https:\\\/\\\/www.pinocchioandfriends.tv\\\/pl\\\/\",\"logo\":{\"@type\":\"ImageObject\",\"inLanguage\":\"pl-PL\",\"@id\":\"https:\\\/\\\/www.pinocchioandfriends.tv\\\/pl\\\/#\\\/schema\\\/logo\\\/image\\\/\",\"url\":\"https:\\\/\\\/www.pinocchioandfriends.tv\\\/pl\\\/wp-content\\\/uploads\\\/sites\\\/4\\\/2021\\\/07\\\/cropped-pinocchio_ITA.png\",\"contentUrl\":\"https:\\\/\\\/www.pinocchioandfriends.tv\\\/pl\\\/wp-content\\\/uploads\\\/sites\\\/4\\\/2021\\\/07\\\/cropped-pinocchio_ITA.png\",\"width\":800,\"height\":266,\"caption\":\"Pinokio i Przyjaciele\"},\"image\":{\"@id\":\"https:\\\/\\\/www.pinocchioandfriends.tv\\\/pl\\\/#\\\/schema\\\/logo\\\/image\\\/\"}}]}<\/script>\n<!-- \/ Yoast SEO plugin. -->","yoast_head_json":{"title":"Deklaracja Dost\u0119pno\u015bci - Pinokio i Przyjaciele","robots":{"index":"index","follow":"follow","max-snippet":"max-snippet:-1","max-image-preview":"max-image-preview:large","max-video-preview":"max-video-preview:-1"},"canonical":"https:\/\/www.pinocchioandfriends.tv\/pl\/deklaracja-dostepnosci\/","og_locale":"pl_PL","og_type":"article","og_title":"Deklaracja Dost\u0119pno\u015bci - Pinokio i Przyjaciele","og_description":"Strona internetowa:\u00a0https:\/\/www.pinocchioandfriends.tv\/pl\/ Odpowiedzialny za publikacj\u0119:\u00a0Rainbow s.p.a. Data deklaracji: 19.06.2025 Zobowi\u0105zanie do Zapewnienia Dost\u0119pno\u015bci Rainbow s.p.a. zobowi\u0105zuje si\u0119 do zapewnienia\u00a0dost\u0119pno\u015bci\u00a0swojej strony internetowej dla wszystkich u\u017cytkownik\u00f3w, niezale\u017cnie od ich mo\u017cliwo\u015bci czy niepe\u0142nosprawno\u015bci. Uwa\u017camy za fundamentalne oferowanie inkluzywnego do\u015bwiadczenia cyfrowego, kt\u00f3re umo\u017cliwia ka\u017cdemu dost\u0119p do oferowanych informacji i us\u0142ug. Standardy Dost\u0119pno\u015bci Firma stawia sobie za cel zapewnienie zgodno\u015bci [...]Czytaj dalej\u2026 from Deklaracja Dost\u0119pno\u015bci","og_url":"https:\/\/www.pinocchioandfriends.tv\/pl\/deklaracja-dostepnosci\/","og_site_name":"Pinokio i Przyjaciele","article_modified_time":"2025-06-26T11:35:53+00:00","twitter_card":"summary_large_image","twitter_misc":{"Szacowany czas czytania":"3 minuty"},"schema":{"@context":"https:\/\/schema.org","@graph":[{"@type":"WebPage","@id":"https:\/\/www.pinocchioandfriends.tv\/pl\/deklaracja-dostepnosci\/","url":"https:\/\/www.pinocchioandfriends.tv\/pl\/deklaracja-dostepnosci\/","name":"Deklaracja Dost\u0119pno\u015bci - Pinokio i Przyjaciele","isPartOf":{"@id":"https:\/\/www.pinocchioandfriends.tv\/pl\/#website"},"datePublished":"2025-06-26T11:35:52+00:00","dateModified":"2025-06-26T11:35:53+00:00","breadcrumb":{"@id":"https:\/\/www.pinocchioandfriends.tv\/pl\/deklaracja-dostepnosci\/#breadcrumb"},"inLanguage":"pl-PL","potentialAction":[{"@type":"ReadAction","target":["https:\/\/www.pinocchioandfriends.tv\/pl\/deklaracja-dostepnosci\/"]}]},{"@type":"BreadcrumbList","@id":"https:\/\/www.pinocchioandfriends.tv\/pl\/deklaracja-dostepnosci\/#breadcrumb","itemListElement":[{"@type":"ListItem","position":1,"name":"Home","item":"https:\/\/www.pinocchioandfriends.tv\/pl\/"},{"@type":"ListItem","position":2,"name":"Deklaracja Dost\u0119pno\u015bci"}]},{"@type":"WebSite","@id":"https:\/\/www.pinocchioandfriends.tv\/pl\/#website","url":"https:\/\/www.pinocchioandfriends.tv\/pl\/","name":"Pinokio i Przyjaciele","description":"","publisher":{"@id":"https:\/\/www.pinocchioandfriends.tv\/pl\/#organization"},"potentialAction":[{"@type":"SearchAction","target":{"@type":"EntryPoint","urlTemplate":"https:\/\/www.pinocchioandfriends.tv\/pl\/?s={search_term_string}"},"query-input":{"@type":"PropertyValueSpecification","valueRequired":true,"valueName":"search_term_string"}}],"inLanguage":"pl-PL"},{"@type":"Organization","@id":"https:\/\/www.pinocchioandfriends.tv\/pl\/#organization","name":"Pinokio i Przyjaciele","url":"https:\/\/www.pinocchioandfriends.tv\/pl\/","logo":{"@type":"ImageObject","inLanguage":"pl-PL","@id":"https:\/\/www.pinocchioandfriends.tv\/pl\/#\/schema\/logo\/image\/","url":"https:\/\/www.pinocchioandfriends.tv\/pl\/wp-content\/uploads\/sites\/4\/2021\/07\/cropped-pinocchio_ITA.png","contentUrl":"https:\/\/www.pinocchioandfriends.tv\/pl\/wp-content\/uploads\/sites\/4\/2021\/07\/cropped-pinocchio_ITA.png","width":800,"height":266,"caption":"Pinokio i Przyjaciele"},"image":{"@id":"https:\/\/www.pinocchioandfriends.tv\/pl\/#\/schema\/logo\/image\/"}}]}},"_links":{"self":[{"href":"https:\/\/www.pinocchioandfriends.tv\/pl\/wp-json\/wp\/v2\/pages\/689","targetHints":{"allow":["GET"]}}],"collection":[{"href":"https:\/\/www.pinocchioandfriends.tv\/pl\/wp-json\/wp\/v2\/pages"}],"about":[{"href":"https:\/\/www.pinocchioandfriends.tv\/pl\/wp-json\/wp\/v2\/types\/page"}],"author":[{"embeddable":true,"href":"https:\/\/www.pinocchioandfriends.tv\/pl\/wp-json\/wp\/v2\/users\/6"}],"replies":[{"embeddable":true,"href":"https:\/\/www.pinocchioandfriends.tv\/pl\/wp-json\/wp\/v2\/comments?post=689"}],"version-history":[{"count":1,"href":"https:\/\/www.pinocchioandfriends.tv\/pl\/wp-json\/wp\/v2\/pages\/689\/revisions"}],"predecessor-version":[{"id":690,"href":"https:\/\/www.pinocchioandfriends.tv\/pl\/wp-json\/wp\/v2\/pages\/689\/revisions\/690"}],"wp:attachment":[{"href":"https:\/\/www.pinocchioandfriends.tv\/pl\/wp-json\/wp\/v2\/media?parent=689"}],"wp:term":[{"taxonomy":"category","embeddable":true,"href":"https:\/\/www.pinocchioandfriends.tv\/pl\/wp-json\/wp\/v2\/categories?post=689"},{"taxonomy":"post_tag","embeddable":true,"href":"https:\/\/www.pinocchioandfriends.tv\/pl\/wp-json\/wp\/v2\/tags?post=689"}],"curies":[{"name":"wp","href":"https:\/\/api.w.org\/{rel}","templated":true}]}}