{"id":114,"date":"2021-09-30T10:31:08","date_gmt":"2021-09-30T08:31:08","guid":{"rendered":"https:\/\/www.pinocchioandfriends.tv\/pl\/?page_id=114"},"modified":"2022-06-10T14:57:18","modified_gmt":"2022-06-10T12:57:18","slug":"credits","status":"publish","type":"page","link":"https:\/\/www.pinocchioandfriends.tv\/pl\/credits\/","title":{"rendered":"Credits"},"content":{"rendered":"<div class=\"wp-block-image\">\n<figure class=\"aligncenter size-full\"><img loading=\"lazy\" decoding=\"async\" width=\"201\" height=\"160\" data-lazyload=\"https:\/\/www.pinocchioandfriends.tv\/pl\/wp-content\/uploads\/sites\/4\/2021\/09\/logo_201x160.png\" alt=\"\" class=\"wp-image-116\"\/><\/figure>\n<\/div>\n\n\n<p class=\"has-text-align-center\"><strong>PRESENTS<\/strong><\/p>\n\n\n<div class=\"wp-block-image\">\n<figure class=\"aligncenter size-full\"><img loading=\"lazy\" decoding=\"async\" width=\"512\" height=\"512\" data-lazyload=\"https:\/\/www.pinocchioandfriends.tv\/pl\/wp-content\/uploads\/sites\/4\/2021\/07\/cropped-pinocchio_ITA-1.png\" alt=\"\" class=\"wp-image-12\" srcset=\"https:\/\/www.pinocchioandfriends.tv\/pl\/wp-content\/uploads\/sites\/4\/2021\/07\/cropped-pinocchio_ITA-1.png 512w, https:\/\/www.pinocchioandfriends.tv\/pl\/wp-content\/uploads\/sites\/4\/2021\/07\/cropped-pinocchio_ITA-1-300x300.png 300w, https:\/\/www.pinocchioandfriends.tv\/pl\/wp-content\/uploads\/sites\/4\/2021\/07\/cropped-pinocchio_ITA-1-150x150.png 150w, https:\/\/www.pinocchioandfriends.tv\/pl\/wp-content\/uploads\/sites\/4\/2021\/07\/cropped-pinocchio_ITA-1-270x270.png 270w, https:\/\/www.pinocchioandfriends.tv\/pl\/wp-content\/uploads\/sites\/4\/2021\/07\/cropped-pinocchio_ITA-1-192x192.png 192w, https:\/\/www.pinocchioandfriends.tv\/pl\/wp-content\/uploads\/sites\/4\/2021\/07\/cropped-pinocchio_ITA-1-180x180.png 180w, https:\/\/www.pinocchioandfriends.tv\/pl\/wp-content\/uploads\/sites\/4\/2021\/07\/cropped-pinocchio_ITA-1-32x32.png 32w\" sizes=\"auto, (max-width: 512px) 100vw, 512px\" \/><\/figure>\n<\/div>\n\n\n<p class=\"has-text-align-center\">PRODUKCJA<br>RAINBOW<br>Z UDZIA\u0141EM<br>RAI RAGAZZI<br>WE WSP\u00d3\u0141PRACY Z<br>TOONZ MEDIA GROUP<br>INCERPI INVESTMENT<br>SERIA STWORZONA PRZEZ<br>IGINIO STRAFFI<br>PRODUCENT WYKONAWCZY<br>JOANNE LEE<br>W RE\u017bYSERII<br>IGINIO STRAFFI<br>ORYGINALNA MUZYKA<br>MICHELE BETTALI, STEFANO CARRARA, FABRIZIO CASTANIA<br>DYREKTOR PRODUKCJI<br>PAOLA VERDENELLI<br><br>SCENARIUSZ<br>FRANCESCO ARTIBANI, DAMIANO BRUE&#8217;, LUIGI CASAGRANDE, MARCO GREGANTI, LISA RICCARDI, FAUSTO VITALIANO<br>SCENOGRAFIA<br>TOMMASO GOMEZ<br><br>NADZ\u00d3R ARTYSTYCZNY<br>MATTEO GAMBERONI<br>TOMMASO GOMEZ<br>STEFANO MAZZEO<\/p>\n\n\n\n<p><\/p>\n\n\n\n<p class=\"has-text-align-center\">Bogata w zwroty akcji, jedna z najbardziej lubianych bajek przez doros\u0142ych i dzieci: Pinokio, o kt\u00f3rym zawsze marzyli\u015bmy jako przyjacielu.<br>Pomi\u0119dzy humorem a przygod\u0105, nowy Pinokio Straffiego wci\u0105ga nas w \u015bwiat zabawy, odkry\u0107 i magii w bardzo nowoczesny i zabawny spos\u00f3b.<br>Wielki klasyk Collodiego odradza si\u0119 we wsp\u00f3\u0142czesnym \u015bwiecie w 26 odcinakach po 12&#8242; ka\u017cdy,\u00a0 dedykowanych dzieciom w wieku 4-7 lat wykonanych w najwy\u017cszej jako\u015bci animacji CGI, aby podarowa\u0107 nam wspania\u0142e emocje, akcj\u0119, zabawne sytuacje i ponadczasowe warto\u015bci, wydobywaj\u0105c\u00a0 to, co najwa\u017cniejsze i sprawiaj\u0105c, \u017ce Pinokio pozostaje\u00a0 bohaterem wszech czas\u00f3w.<\/p>\n","protected":false},"excerpt":{"rendered":"<p>PRESENTS PRODUKCJARAINBOWZ UDZIA\u0141EMRAI RAGAZZIWE WSP\u00d3\u0141PRACY ZTOONZ MEDIA GROUPINCERPI INVESTMENTSERIA STWORZONA PRZEZIGINIO STRAFFIPRODUCENT WYKONAWCZYJOANNE LEEW RE\u017bYSERIIIGINIO STRAFFIORYGINALNA MUZYKAMICHELE BETTALI, STEFANO CARRARA, FABRIZIO CASTANIADYREKTOR PRODUKCJIPAOLA VERDENELLI SCENARIUSZFRANCESCO ARTIBANI, DAMIANO BRUE&#8217;, LUIGI CASAGRANDE, MARCO GREGANTI, LISA RICCARDI, FAUSTO VITALIANOSCENOGRAFIATOMMASO GOMEZ NADZ\u00d3R ARTYSTYCZNYMATTEO GAMBERONITOMMASO GOMEZSTEFANO MAZZEO Bogata w zwroty akcji, jedna z najbardziej lubianych bajek przez doros\u0142ych i dzieci: [&#8230;]<\/p>\n<p><a class=\"btn btn-secondary understrap-read-more-link\" href=\"https:\/\/www.pinocchioandfriends.tv\/pl\/credits\/\">Czytaj dalej\u2026<span class=\"screen-reader-text\"> from Credits<\/span><\/a><\/p>\n","protected":false},"author":1,"featured_media":0,"parent":0,"menu_order":0,"comment_status":"closed","ping_status":"closed","template":"","meta":{"_acf_changed":false,"footnotes":""},"categories":[],"tags":[],"class_list":["post-114","page","type-page","status-publish","hentry"],"acf":[],"yoast_head":"<!-- This site is optimized with the Yoast SEO plugin v27.4 - https:\/\/yoast.com\/product\/yoast-seo-wordpress\/ -->\n<title>Credits - Pinokio i Przyjaciele<\/title>\n<meta name=\"robots\" content=\"index, follow, max-snippet:-1, max-image-preview:large, max-video-preview:-1\" \/>\n<link rel=\"canonical\" href=\"https:\/\/www.pinocchioandfriends.tv\/pl\/credits\/\" \/>\n<meta property=\"og:locale\" content=\"pl_PL\" \/>\n<meta property=\"og:type\" content=\"article\" \/>\n<meta property=\"og:title\" content=\"Credits - Pinokio i Przyjaciele\" \/>\n<meta property=\"og:description\" content=\"PRESENTS PRODUKCJARAINBOWZ UDZIA\u0141EMRAI RAGAZZIWE WSP\u00d3\u0141PRACY ZTOONZ MEDIA GROUPINCERPI INVESTMENTSERIA STWORZONA PRZEZIGINIO STRAFFIPRODUCENT WYKONAWCZYJOANNE LEEW RE\u017bYSERIIIGINIO STRAFFIORYGINALNA MUZYKAMICHELE BETTALI, STEFANO CARRARA, FABRIZIO CASTANIADYREKTOR PRODUKCJIPAOLA VERDENELLI SCENARIUSZFRANCESCO ARTIBANI, DAMIANO BRUE&#8217;, LUIGI CASAGRANDE, MARCO GREGANTI, LISA RICCARDI, FAUSTO VITALIANOSCENOGRAFIATOMMASO GOMEZ NADZ\u00d3R ARTYSTYCZNYMATTEO GAMBERONITOMMASO GOMEZSTEFANO MAZZEO Bogata w zwroty akcji, jedna z najbardziej lubianych bajek przez doros\u0142ych i dzieci: [...]Czytaj dalej\u2026 from Credits\" \/>\n<meta property=\"og:url\" content=\"https:\/\/www.pinocchioandfriends.tv\/pl\/credits\/\" \/>\n<meta property=\"og:site_name\" content=\"Pinokio i Przyjaciele\" \/>\n<meta property=\"article:modified_time\" content=\"2022-06-10T12:57:18+00:00\" \/>\n<meta property=\"og:image\" content=\"https:\/\/www.pinocchioandfriends.tv\/pl\/wp-content\/uploads\/sites\/4\/2021\/09\/logo_201x160.png\" \/>\n<meta name=\"twitter:card\" content=\"summary_large_image\" \/>\n<meta name=\"twitter:label1\" content=\"Szacowany czas czytania\" \/>\n\t<meta name=\"twitter:data1\" content=\"2 minuty\" \/>\n<script type=\"application\/ld+json\" class=\"yoast-schema-graph\">{\"@context\":\"https:\\\/\\\/schema.org\",\"@graph\":[{\"@type\":\"WebPage\",\"@id\":\"https:\\\/\\\/www.pinocchioandfriends.tv\\\/pl\\\/credits\\\/\",\"url\":\"https:\\\/\\\/www.pinocchioandfriends.tv\\\/pl\\\/credits\\\/\",\"name\":\"Credits - Pinokio i Przyjaciele\",\"isPartOf\":{\"@id\":\"https:\\\/\\\/www.pinocchioandfriends.tv\\\/pl\\\/#website\"},\"primaryImageOfPage\":{\"@id\":\"https:\\\/\\\/www.pinocchioandfriends.tv\\\/pl\\\/credits\\\/#primaryimage\"},\"image\":{\"@id\":\"https:\\\/\\\/www.pinocchioandfriends.tv\\\/pl\\\/credits\\\/#primaryimage\"},\"thumbnailUrl\":\"https:\\\/\\\/www.pinocchioandfriends.tv\\\/pl\\\/wp-content\\\/uploads\\\/sites\\\/4\\\/2021\\\/09\\\/logo_201x160.png\",\"datePublished\":\"2021-09-30T08:31:08+00:00\",\"dateModified\":\"2022-06-10T12:57:18+00:00\",\"breadcrumb\":{\"@id\":\"https:\\\/\\\/www.pinocchioandfriends.tv\\\/pl\\\/credits\\\/#breadcrumb\"},\"inLanguage\":\"pl-PL\",\"potentialAction\":[{\"@type\":\"ReadAction\",\"target\":[\"https:\\\/\\\/www.pinocchioandfriends.tv\\\/pl\\\/credits\\\/\"]}]},{\"@type\":\"ImageObject\",\"inLanguage\":\"pl-PL\",\"@id\":\"https:\\\/\\\/www.pinocchioandfriends.tv\\\/pl\\\/credits\\\/#primaryimage\",\"url\":\"https:\\\/\\\/www.pinocchioandfriends.tv\\\/pl\\\/wp-content\\\/uploads\\\/sites\\\/4\\\/2021\\\/09\\\/logo_201x160.png\",\"contentUrl\":\"https:\\\/\\\/www.pinocchioandfriends.tv\\\/pl\\\/wp-content\\\/uploads\\\/sites\\\/4\\\/2021\\\/09\\\/logo_201x160.png\",\"width\":201,\"height\":160},{\"@type\":\"BreadcrumbList\",\"@id\":\"https:\\\/\\\/www.pinocchioandfriends.tv\\\/pl\\\/credits\\\/#breadcrumb\",\"itemListElement\":[{\"@type\":\"ListItem\",\"position\":1,\"name\":\"Home\",\"item\":\"https:\\\/\\\/www.pinocchioandfriends.tv\\\/pl\\\/\"},{\"@type\":\"ListItem\",\"position\":2,\"name\":\"Credits\"}]},{\"@type\":\"WebSite\",\"@id\":\"https:\\\/\\\/www.pinocchioandfriends.tv\\\/pl\\\/#website\",\"url\":\"https:\\\/\\\/www.pinocchioandfriends.tv\\\/pl\\\/\",\"name\":\"Pinokio i Przyjaciele\",\"description\":\"\",\"publisher\":{\"@id\":\"https:\\\/\\\/www.pinocchioandfriends.tv\\\/pl\\\/#organization\"},\"potentialAction\":[{\"@type\":\"SearchAction\",\"target\":{\"@type\":\"EntryPoint\",\"urlTemplate\":\"https:\\\/\\\/www.pinocchioandfriends.tv\\\/pl\\\/?s={search_term_string}\"},\"query-input\":{\"@type\":\"PropertyValueSpecification\",\"valueRequired\":true,\"valueName\":\"search_term_string\"}}],\"inLanguage\":\"pl-PL\"},{\"@type\":\"Organization\",\"@id\":\"https:\\\/\\\/www.pinocchioandfriends.tv\\\/pl\\\/#organization\",\"name\":\"Pinokio i Przyjaciele\",\"url\":\"https:\\\/\\\/www.pinocchioandfriends.tv\\\/pl\\\/\",\"logo\":{\"@type\":\"ImageObject\",\"inLanguage\":\"pl-PL\",\"@id\":\"https:\\\/\\\/www.pinocchioandfriends.tv\\\/pl\\\/#\\\/schema\\\/logo\\\/image\\\/\",\"url\":\"https:\\\/\\\/www.pinocchioandfriends.tv\\\/pl\\\/wp-content\\\/uploads\\\/sites\\\/4\\\/2021\\\/07\\\/cropped-pinocchio_ITA.png\",\"contentUrl\":\"https:\\\/\\\/www.pinocchioandfriends.tv\\\/pl\\\/wp-content\\\/uploads\\\/sites\\\/4\\\/2021\\\/07\\\/cropped-pinocchio_ITA.png\",\"width\":800,\"height\":266,\"caption\":\"Pinokio i Przyjaciele\"},\"image\":{\"@id\":\"https:\\\/\\\/www.pinocchioandfriends.tv\\\/pl\\\/#\\\/schema\\\/logo\\\/image\\\/\"}}]}<\/script>\n<!-- \/ Yoast SEO plugin. -->","yoast_head_json":{"title":"Credits - Pinokio i Przyjaciele","robots":{"index":"index","follow":"follow","max-snippet":"max-snippet:-1","max-image-preview":"max-image-preview:large","max-video-preview":"max-video-preview:-1"},"canonical":"https:\/\/www.pinocchioandfriends.tv\/pl\/credits\/","og_locale":"pl_PL","og_type":"article","og_title":"Credits - Pinokio i Przyjaciele","og_description":"PRESENTS PRODUKCJARAINBOWZ UDZIA\u0141EMRAI RAGAZZIWE WSP\u00d3\u0141PRACY ZTOONZ MEDIA GROUPINCERPI INVESTMENTSERIA STWORZONA PRZEZIGINIO STRAFFIPRODUCENT WYKONAWCZYJOANNE LEEW RE\u017bYSERIIIGINIO STRAFFIORYGINALNA MUZYKAMICHELE BETTALI, STEFANO CARRARA, FABRIZIO CASTANIADYREKTOR PRODUKCJIPAOLA VERDENELLI SCENARIUSZFRANCESCO ARTIBANI, DAMIANO BRUE&#8217;, LUIGI CASAGRANDE, MARCO GREGANTI, LISA RICCARDI, FAUSTO VITALIANOSCENOGRAFIATOMMASO GOMEZ NADZ\u00d3R ARTYSTYCZNYMATTEO GAMBERONITOMMASO GOMEZSTEFANO MAZZEO Bogata w zwroty akcji, jedna z najbardziej lubianych bajek przez doros\u0142ych i dzieci: [...]Czytaj dalej\u2026 from Credits","og_url":"https:\/\/www.pinocchioandfriends.tv\/pl\/credits\/","og_site_name":"Pinokio i Przyjaciele","article_modified_time":"2022-06-10T12:57:18+00:00","og_image":[{"url":"https:\/\/www.pinocchioandfriends.tv\/pl\/wp-content\/uploads\/sites\/4\/2021\/09\/logo_201x160.png","type":"","width":"","height":""}],"twitter_card":"summary_large_image","twitter_misc":{"Szacowany czas czytania":"2 minuty"},"schema":{"@context":"https:\/\/schema.org","@graph":[{"@type":"WebPage","@id":"https:\/\/www.pinocchioandfriends.tv\/pl\/credits\/","url":"https:\/\/www.pinocchioandfriends.tv\/pl\/credits\/","name":"Credits - Pinokio i Przyjaciele","isPartOf":{"@id":"https:\/\/www.pinocchioandfriends.tv\/pl\/#website"},"primaryImageOfPage":{"@id":"https:\/\/www.pinocchioandfriends.tv\/pl\/credits\/#primaryimage"},"image":{"@id":"https:\/\/www.pinocchioandfriends.tv\/pl\/credits\/#primaryimage"},"thumbnailUrl":"https:\/\/www.pinocchioandfriends.tv\/pl\/wp-content\/uploads\/sites\/4\/2021\/09\/logo_201x160.png","datePublished":"2021-09-30T08:31:08+00:00","dateModified":"2022-06-10T12:57:18+00:00","breadcrumb":{"@id":"https:\/\/www.pinocchioandfriends.tv\/pl\/credits\/#breadcrumb"},"inLanguage":"pl-PL","potentialAction":[{"@type":"ReadAction","target":["https:\/\/www.pinocchioandfriends.tv\/pl\/credits\/"]}]},{"@type":"ImageObject","inLanguage":"pl-PL","@id":"https:\/\/www.pinocchioandfriends.tv\/pl\/credits\/#primaryimage","url":"https:\/\/www.pinocchioandfriends.tv\/pl\/wp-content\/uploads\/sites\/4\/2021\/09\/logo_201x160.png","contentUrl":"https:\/\/www.pinocchioandfriends.tv\/pl\/wp-content\/uploads\/sites\/4\/2021\/09\/logo_201x160.png","width":201,"height":160},{"@type":"BreadcrumbList","@id":"https:\/\/www.pinocchioandfriends.tv\/pl\/credits\/#breadcrumb","itemListElement":[{"@type":"ListItem","position":1,"name":"Home","item":"https:\/\/www.pinocchioandfriends.tv\/pl\/"},{"@type":"ListItem","position":2,"name":"Credits"}]},{"@type":"WebSite","@id":"https:\/\/www.pinocchioandfriends.tv\/pl\/#website","url":"https:\/\/www.pinocchioandfriends.tv\/pl\/","name":"Pinokio i Przyjaciele","description":"","publisher":{"@id":"https:\/\/www.pinocchioandfriends.tv\/pl\/#organization"},"potentialAction":[{"@type":"SearchAction","target":{"@type":"EntryPoint","urlTemplate":"https:\/\/www.pinocchioandfriends.tv\/pl\/?s={search_term_string}"},"query-input":{"@type":"PropertyValueSpecification","valueRequired":true,"valueName":"search_term_string"}}],"inLanguage":"pl-PL"},{"@type":"Organization","@id":"https:\/\/www.pinocchioandfriends.tv\/pl\/#organization","name":"Pinokio i Przyjaciele","url":"https:\/\/www.pinocchioandfriends.tv\/pl\/","logo":{"@type":"ImageObject","inLanguage":"pl-PL","@id":"https:\/\/www.pinocchioandfriends.tv\/pl\/#\/schema\/logo\/image\/","url":"https:\/\/www.pinocchioandfriends.tv\/pl\/wp-content\/uploads\/sites\/4\/2021\/07\/cropped-pinocchio_ITA.png","contentUrl":"https:\/\/www.pinocchioandfriends.tv\/pl\/wp-content\/uploads\/sites\/4\/2021\/07\/cropped-pinocchio_ITA.png","width":800,"height":266,"caption":"Pinokio i Przyjaciele"},"image":{"@id":"https:\/\/www.pinocchioandfriends.tv\/pl\/#\/schema\/logo\/image\/"}}]}},"_links":{"self":[{"href":"https:\/\/www.pinocchioandfriends.tv\/pl\/wp-json\/wp\/v2\/pages\/114","targetHints":{"allow":["GET"]}}],"collection":[{"href":"https:\/\/www.pinocchioandfriends.tv\/pl\/wp-json\/wp\/v2\/pages"}],"about":[{"href":"https:\/\/www.pinocchioandfriends.tv\/pl\/wp-json\/wp\/v2\/types\/page"}],"author":[{"embeddable":true,"href":"https:\/\/www.pinocchioandfriends.tv\/pl\/wp-json\/wp\/v2\/users\/1"}],"replies":[{"embeddable":true,"href":"https:\/\/www.pinocchioandfriends.tv\/pl\/wp-json\/wp\/v2\/comments?post=114"}],"version-history":[{"count":5,"href":"https:\/\/www.pinocchioandfriends.tv\/pl\/wp-json\/wp\/v2\/pages\/114\/revisions"}],"predecessor-version":[{"id":666,"href":"https:\/\/www.pinocchioandfriends.tv\/pl\/wp-json\/wp\/v2\/pages\/114\/revisions\/666"}],"wp:attachment":[{"href":"https:\/\/www.pinocchioandfriends.tv\/pl\/wp-json\/wp\/v2\/media?parent=114"}],"wp:term":[{"taxonomy":"category","embeddable":true,"href":"https:\/\/www.pinocchioandfriends.tv\/pl\/wp-json\/wp\/v2\/categories?post=114"},{"taxonomy":"post_tag","embeddable":true,"href":"https:\/\/www.pinocchioandfriends.tv\/pl\/wp-json\/wp\/v2\/tags?post=114"}],"curies":[{"name":"wp","href":"https:\/\/api.w.org\/{rel}","templated":true}]}}