{"id":108,"date":"2021-09-30T10:22:47","date_gmt":"2021-09-30T08:22:47","guid":{"rendered":"https:\/\/www.pinocchioandfriends.tv\/pl\/?page_id=108"},"modified":"2022-06-09T16:24:47","modified_gmt":"2022-06-09T14:24:47","slug":"home","status":"publish","type":"page","link":"https:\/\/www.pinocchioandfriends.tv\/pl\/","title":{"rendered":"Pinocchio and Friends"},"content":{"rendered":"\n<p>Historia<\/p>\n\n\n\n<p>Pinokio to marionetka o wyj\u0105tkowym charakterze, niepoprawny niezdara, kt\u00f3ry towarzyszy nam w odkrywaniu \u015bwiata z nowej perspektywy dzi\u0119ki swoim przygodom prze\u017cywanym wraz z jego przyjaci\u00f3\u0142mi, zabawkami z Pracowni Cud\u00f3w maestra Gepetto: to mali bohaterowie zawsze gotowi stawi\u0107 czo\u0142a nowym wyzwaniom! Odwa\u017cna lalka piratka Frida, jego nieod\u0142\u0105czna przyjaci\u00f3\u0142ka zawsze gotowa do wej\u015bcia na pok\u0142ad jako prawdziwa piratka. Jednak \u015bwiat zewn\u0119trzny, kt\u00f3ry tak bardzo podoba si\u0119 Pinokiowi i Fridzie, przera\u017ca strachliwego i zrz\u0119dliwego \u015awierszcza Gadu\u0142\u0119, kt\u00f3rego B\u0142\u0119kitna Wr\u00f3\u017cka poinstruowa\u0142a, aby zawsze mia\u0142 na niego oko. \u015awierszcz regularnie pr\u00f3buje przekona\u0107 go, by nie opuszcza\u0142 warsztatu, ale Pinokio ignoruje jego m\u0105dre rady i cz\u0119sto wpada w tarapaty! Z Frid\u0105 i \u015awierszczem Gadu\u0142\u0105 Pinokio odwiedzi niesamowite miejsca, od Magicznego Lasu po ocean, pozna starych i nowych przyjaci\u00f3\u0142, dobrych i z\u0142ych\u2026 jak Kot i Lis, duet nikczemnik\u00f3w nieustannie zaj\u0119tych stwarzaniem k\u0142opot\u00f3w!<\/p>\n\n\n\n<p>Lokalizacje<\/p>\n\n\n\n<p>MAGICZNY SKLEP<br>W tym zak\u0105tku miasta panuje szczeg\u00f3lna magiczna atmosfera, to miejsce prawie niewidoczne dla tych, kt\u00f3rzy si\u0119 spiesz\u0105 lub nie potrafi\u0105 skupi\u0107 na tym, co ich otacza. Magiczny Sklep tatki Geppetta jest naprawd\u0119 niezwyk\u0142y: pe\u0142en kolor\u00f3w i wynalazk\u00f3w, gier i wszelkiego rodzaju przedmiot\u00f3w.<br>MIASTECZKO<br>Wydarzenia serii rozgrywaj\u0105 si\u0119 w ma\u0142ym, klasycznym w\u0142oskim miasteczku, w kt\u00f3rym tradycja i natura przeplataj\u0105 si\u0119 harmonijnie. Du\u017ca wioska o spokojnym \u017cyciu, belweder z widokiem na okolic\u0119 i lasy, miejsce o bogatej historii i ukrytymi zak\u0105tkami, kt\u00f3re dla Pinokia i jego przyjaci\u00f3\u0142 b\u0119d\u0105 niezbadan\u0105 krain\u0105, w kt\u00f3rej prze\u017cyj\u0105 tysi\u0105ce przyg\u00f3d.<br>ZACZAROWANY LAS<br>Las jest miejscem szczeg\u00f3lnym, przecinanym przez \u015bcie\u017cki, kt\u00f3re przecinaj\u0105 si\u0119 i znikaj\u0105, prowadz\u0105c w niezwyk\u0142e miejsca, do kt\u00f3rych dociera tylko Pinokio i jego przyjaciele.<br>DOM WR\u00d3\u017bKI B\u0141\u0118KITKI<br>Bajkowe miejsce ukryte w magicznym lesie, w kt\u00f3rym mieszkaj\u0105 Wr\u00f3\u017cka, gosposia Agnes i pies Medoro.<br>WIELKI TEATR OGNIOJADA<br>Teatr w\u0119drowny prowadzony przez Ogniojada jest zaskakuj\u0105cy i pe\u0142en dziwacznych atrakcji.<br>KRYJ\u00d3WKA KOTA I LISA<br>Tajemnicza i pe\u0142na r\u00f3\u017cnego rodzaju przedmiot\u00f3w kryj\u00f3wka dw\u00f3ch nikczemnik\u00f3w z serii to miejsce, kt\u00f3re trzeba odkry\u0107!<br>OCEAN<br>Bezkresne morze, w kt\u00f3rym Pinokio spotka\u2026 niezwyk\u0142ych przyjaci\u00f3\u0142 i wrog\u00f3w.<\/p>\n","protected":false},"excerpt":{"rendered":"<p>Historia Pinokio to marionetka o wyj\u0105tkowym charakterze, niepoprawny niezdara, kt\u00f3ry towarzyszy nam w odkrywaniu \u015bwiata z nowej perspektywy dzi\u0119ki swoim przygodom prze\u017cywanym wraz z jego przyjaci\u00f3\u0142mi, zabawkami z Pracowni Cud\u00f3w maestra Gepetto: to mali bohaterowie zawsze gotowi stawi\u0107 czo\u0142a nowym wyzwaniom! Odwa\u017cna lalka piratka Frida, jego nieod\u0142\u0105czna przyjaci\u00f3\u0142ka zawsze gotowa do wej\u015bcia na pok\u0142ad jako [&#8230;]<\/p>\n<p><a class=\"btn btn-secondary understrap-read-more-link\" href=\"https:\/\/www.pinocchioandfriends.tv\/pl\/\">Czytaj dalej\u2026<span class=\"screen-reader-text\"> from Pinocchio and Friends<\/span><\/a><\/p>\n","protected":false},"author":1,"featured_media":0,"parent":0,"menu_order":0,"comment_status":"closed","ping_status":"closed","template":"page-templates\/pag_lista_home.php","meta":{"_acf_changed":false,"footnotes":""},"categories":[],"tags":[6],"class_list":["post-108","page","type-page","status-publish","hentry","tag-list-home"],"acf":{"list-home":[{"ID":469,"post_author":"2","post_date":"2022-04-12 10:16:10","post_date_gmt":"2022-04-12 08:16:10","post_content":"<!-- wp:paragraph -->\n<p>Post\u0119puj zgodnie z instrukcjami i stw\u00f3rz w\u0142asn\u0105 rakiet\u0119<\/p>\n<!-- \/wp:paragraph -->","post_title":"Rakieta Geppetta","post_excerpt":"Post\u0119puj zgodnie z instrukcjami i stw\u00f3rz w\u0142asn\u0105 rakiet\u0119","post_status":"publish","comment_status":"closed","ping_status":"closed","post_password":"","post_name":"rakieta-geppetta","to_ping":"","pinged":"","post_modified":"2022-06-09 15:56:55","post_modified_gmt":"2022-06-09 13:56:55","post_content_filtered":"","post_parent":0,"guid":"https:\/\/www.pinocchioandfriends.tv\/pl\/?post_type=activity&#038;p=469","menu_order":0,"post_type":"activity","post_mime_type":"","comment_count":"0","filter":"raw"},{"ID":540,"post_author":"2","post_date":"2022-05-05 11:46:05","post_date_gmt":"2022-05-05 09:46:05","post_content":"<!-- wp:paragraph -->\n<p>Na pok\u0142ad z Pinokiem i Frid\u0105, lecimy!<\/p>\n<!-- \/wp:paragraph -->","post_title":"Gotowi, zaczynamy, czas start!","post_excerpt":"Na pok\u0142ad z Pinokiem i Frid\u0105, lecimy!","post_status":"publish","comment_status":"closed","ping_status":"closed","post_password":"","post_name":"gotowi-zaczynamy-czas-start","to_ping":"","pinged":"","post_modified":"2022-06-10 08:47:55","post_modified_gmt":"2022-06-10 06:47:55","post_content_filtered":"","post_parent":0,"guid":"https:\/\/www.pinocchioandfriends.tv\/pl\/?post_type=game&#038;p=540","menu_order":0,"post_type":"game","post_mime_type":"","comment_count":"0","filter":"raw"},{"ID":460,"post_author":"2","post_date":"2022-04-08 16:20:47","post_date_gmt":"2022-04-08 14:20:47","post_content":"<!-- wp:paragraph -->\n<p>Ods\u0142o\u0144 karty i po\u0142\u0105cz w pary!<\/p>\n<!-- \/wp:paragraph -->","post_title":"Gra Pami\u0119ciowa","post_excerpt":"Ods\u0142o\u0144 karty i po\u0142\u0105cz w pary!","post_status":"publish","comment_status":"closed","ping_status":"closed","post_password":"","post_name":"gra-pamieciowa","to_ping":"","pinged":"","post_modified":"2022-06-10 08:48:32","post_modified_gmt":"2022-06-10 06:48:32","post_content_filtered":"","post_parent":0,"guid":"https:\/\/www.pinocchioandfriends.tv\/pl\/?post_type=game&#038;p=460","menu_order":0,"post_type":"game","post_mime_type":"","comment_count":"0","filter":"raw"},{"ID":440,"post_author":"2","post_date":"2022-03-23 16:33:44","post_date_gmt":"2022-03-23 15:33:44","post_content":"<!-- wp:paragraph -->\n<p>Wydrukuj i przygotuj si\u0119 do tworzenia wielu historii z postaciami Pinokia i przyjaci\u00f3\u0142<\/p>\n<!-- \/wp:paragraph -->","post_title":"Pacynki na palec","post_excerpt":"Wydrukuj i przygotuj si\u0119 do tworzenia wielu historii z postaciami Pinokia i przyjaci\u00f3\u0142","post_status":"publish","comment_status":"closed","ping_status":"closed","post_password":"","post_name":"pacynki-na-palec","to_ping":"","pinged":"","post_modified":"2022-06-09 15:59:44","post_modified_gmt":"2022-06-09 13:59:44","post_content_filtered":"","post_parent":0,"guid":"https:\/\/www.pinocchioandfriends.tv\/pl\/?post_type=activity&#038;p=440","menu_order":2,"post_type":"activity","post_mime_type":"","comment_count":"0","filter":"raw"},{"ID":385,"post_author":"2","post_date":"2022-03-16 17:36:11","post_date_gmt":"2022-03-16 16:36:11","post_content":"<!-- wp:paragraph -->\n<p>Mi\u0142ego drukowania i kolorowania<\/p>\n<!-- \/wp:paragraph -->","post_title":"Wydrukuj i pokoloruj Knot","post_excerpt":"Mi\u0142ego drukowania i kolorowania","post_status":"publish","comment_status":"closed","ping_status":"closed","post_password":"","post_name":"wydrukuj-i-pokoloruj-knot","to_ping":"","pinged":"","post_modified":"2022-06-09 16:15:48","post_modified_gmt":"2022-06-09 14:15:48","post_content_filtered":"","post_parent":0,"guid":"https:\/\/www.pinocchioandfriends.tv\/pl\/?post_type=activity&#038;p=385","menu_order":4,"post_type":"activity","post_mime_type":"","comment_count":"0","filter":"raw"},{"ID":368,"post_author":"2","post_date":"2022-03-11 11:39:46","post_date_gmt":"2022-03-11 10:39:46","post_content":"<!-- wp:paragraph -->\n<p>Drukuj, baw si\u0119 i pokoloruj, aby nauczy\u0107 si\u0119 matematyki<\/p>\n<!-- \/wp:paragraph -->","post_title":"Lekcja matematyki z Pinokio","post_excerpt":"Drukuj, baw si\u0119 i pokoloruj, aby nauczy\u0107 si\u0119 matematyki","post_status":"publish","comment_status":"closed","ping_status":"closed","post_password":"","post_name":"lekcja-matematyki-z-pinokio","to_ping":"","pinged":"","post_modified":"2022-06-09 16:18:08","post_modified_gmt":"2022-06-09 14:18:08","post_content_filtered":"","post_parent":0,"guid":"https:\/\/www.pinocchioandfriends.tv\/pl\/?post_type=activity&#038;p=368","menu_order":5,"post_type":"activity","post_mime_type":"","comment_count":"0","filter":"raw"},{"ID":527,"post_author":"2","post_date":"2022-04-29 16:07:48","post_date_gmt":"2022-04-29 14:07:48","post_content":"<!-- wp:paragraph -->\n<p>Przygotuj si\u0119 na imprez\u0119 z najfajniejszymi flagami imprezowymi<\/p>\n<!-- \/wp:paragraph -->","post_title":"Flagi imprezowe","post_excerpt":"Przygotuj si\u0119 na imprez\u0119 z najfajniejszymi flagami imprezowymi","post_status":"publish","comment_status":"closed","ping_status":"closed","post_password":"","post_name":"flagi-imprezowe","to_ping":"","pinged":"","post_modified":"2022-06-09 15:58:29","post_modified_gmt":"2022-06-09 13:58:29","post_content_filtered":"","post_parent":0,"guid":"https:\/\/www.pinocchioandfriends.tv\/pl\/?post_type=activity&#038;p=527","menu_order":1,"post_type":"activity","post_mime_type":"","comment_count":"0","filter":"raw"}]},"yoast_head":"<!-- This site is optimized with the Yoast SEO plugin v27.4 - https:\/\/yoast.com\/product\/yoast-seo-wordpress\/ -->\n<title>Pinocchio and Friends - Pinokio i Przyjaciele<\/title>\n<meta name=\"robots\" content=\"index, follow, max-snippet:-1, max-image-preview:large, max-video-preview:-1\" \/>\n<link rel=\"canonical\" href=\"https:\/\/www.pinocchioandfriends.tv\/pl\/\" \/>\n<meta property=\"og:locale\" content=\"pl_PL\" \/>\n<meta property=\"og:type\" content=\"article\" \/>\n<meta property=\"og:title\" content=\"Pinocchio and Friends - Pinokio i Przyjaciele\" \/>\n<meta property=\"og:description\" content=\"Historia Pinokio to marionetka o wyj\u0105tkowym charakterze, niepoprawny niezdara, kt\u00f3ry towarzyszy nam w odkrywaniu \u015bwiata z nowej perspektywy dzi\u0119ki swoim przygodom prze\u017cywanym wraz z jego przyjaci\u00f3\u0142mi, zabawkami z Pracowni Cud\u00f3w maestra Gepetto: to mali bohaterowie zawsze gotowi stawi\u0107 czo\u0142a nowym wyzwaniom! Odwa\u017cna lalka piratka Frida, jego nieod\u0142\u0105czna przyjaci\u00f3\u0142ka zawsze gotowa do wej\u015bcia na pok\u0142ad jako [...]Czytaj dalej\u2026 from Pinocchio and Friends\" \/>\n<meta property=\"og:url\" content=\"https:\/\/www.pinocchioandfriends.tv\/pl\/\" \/>\n<meta property=\"og:site_name\" content=\"Pinokio i Przyjaciele\" \/>\n<meta property=\"article:modified_time\" content=\"2022-06-09T14:24:47+00:00\" \/>\n<meta name=\"twitter:card\" content=\"summary_large_image\" \/>\n<meta name=\"twitter:label1\" content=\"Szacowany czas czytania\" \/>\n\t<meta name=\"twitter:data1\" content=\"2 minuty\" \/>\n<script type=\"application\/ld+json\" class=\"yoast-schema-graph\">{\"@context\":\"https:\\\/\\\/schema.org\",\"@graph\":[{\"@type\":\"WebPage\",\"@id\":\"https:\\\/\\\/www.pinocchioandfriends.tv\\\/pl\\\/\",\"url\":\"https:\\\/\\\/www.pinocchioandfriends.tv\\\/pl\\\/\",\"name\":\"Pinocchio and Friends - Pinokio i Przyjaciele\",\"isPartOf\":{\"@id\":\"https:\\\/\\\/www.pinocchioandfriends.tv\\\/pl\\\/#website\"},\"datePublished\":\"2021-09-30T08:22:47+00:00\",\"dateModified\":\"2022-06-09T14:24:47+00:00\",\"breadcrumb\":{\"@id\":\"https:\\\/\\\/www.pinocchioandfriends.tv\\\/pl\\\/#breadcrumb\"},\"inLanguage\":\"pl-PL\",\"potentialAction\":[{\"@type\":\"ReadAction\",\"target\":[\"https:\\\/\\\/www.pinocchioandfriends.tv\\\/pl\\\/\"]}]},{\"@type\":\"BreadcrumbList\",\"@id\":\"https:\\\/\\\/www.pinocchioandfriends.tv\\\/pl\\\/#breadcrumb\",\"itemListElement\":[{\"@type\":\"ListItem\",\"position\":1,\"name\":\"Home\",\"item\":\"https:\\\/\\\/www.pinocchioandfriends.tv\\\/pl\\\/\"},{\"@type\":\"ListItem\",\"position\":2,\"name\":\"Pinocchio and Friends\"}]},{\"@type\":\"WebSite\",\"@id\":\"https:\\\/\\\/www.pinocchioandfriends.tv\\\/pl\\\/#website\",\"url\":\"https:\\\/\\\/www.pinocchioandfriends.tv\\\/pl\\\/\",\"name\":\"Pinokio i Przyjaciele\",\"description\":\"\",\"publisher\":{\"@id\":\"https:\\\/\\\/www.pinocchioandfriends.tv\\\/pl\\\/#organization\"},\"potentialAction\":[{\"@type\":\"SearchAction\",\"target\":{\"@type\":\"EntryPoint\",\"urlTemplate\":\"https:\\\/\\\/www.pinocchioandfriends.tv\\\/pl\\\/?s={search_term_string}\"},\"query-input\":{\"@type\":\"PropertyValueSpecification\",\"valueRequired\":true,\"valueName\":\"search_term_string\"}}],\"inLanguage\":\"pl-PL\"},{\"@type\":\"Organization\",\"@id\":\"https:\\\/\\\/www.pinocchioandfriends.tv\\\/pl\\\/#organization\",\"name\":\"Pinokio i Przyjaciele\",\"url\":\"https:\\\/\\\/www.pinocchioandfriends.tv\\\/pl\\\/\",\"logo\":{\"@type\":\"ImageObject\",\"inLanguage\":\"pl-PL\",\"@id\":\"https:\\\/\\\/www.pinocchioandfriends.tv\\\/pl\\\/#\\\/schema\\\/logo\\\/image\\\/\",\"url\":\"https:\\\/\\\/www.pinocchioandfriends.tv\\\/pl\\\/wp-content\\\/uploads\\\/sites\\\/4\\\/2021\\\/07\\\/cropped-pinocchio_ITA.png\",\"contentUrl\":\"https:\\\/\\\/www.pinocchioandfriends.tv\\\/pl\\\/wp-content\\\/uploads\\\/sites\\\/4\\\/2021\\\/07\\\/cropped-pinocchio_ITA.png\",\"width\":800,\"height\":266,\"caption\":\"Pinokio i Przyjaciele\"},\"image\":{\"@id\":\"https:\\\/\\\/www.pinocchioandfriends.tv\\\/pl\\\/#\\\/schema\\\/logo\\\/image\\\/\"}}]}<\/script>\n<!-- \/ Yoast SEO plugin. -->","yoast_head_json":{"title":"Pinocchio and Friends - Pinokio i Przyjaciele","robots":{"index":"index","follow":"follow","max-snippet":"max-snippet:-1","max-image-preview":"max-image-preview:large","max-video-preview":"max-video-preview:-1"},"canonical":"https:\/\/www.pinocchioandfriends.tv\/pl\/","og_locale":"pl_PL","og_type":"article","og_title":"Pinocchio and Friends - Pinokio i Przyjaciele","og_description":"Historia Pinokio to marionetka o wyj\u0105tkowym charakterze, niepoprawny niezdara, kt\u00f3ry towarzyszy nam w odkrywaniu \u015bwiata z nowej perspektywy dzi\u0119ki swoim przygodom prze\u017cywanym wraz z jego przyjaci\u00f3\u0142mi, zabawkami z Pracowni Cud\u00f3w maestra Gepetto: to mali bohaterowie zawsze gotowi stawi\u0107 czo\u0142a nowym wyzwaniom! Odwa\u017cna lalka piratka Frida, jego nieod\u0142\u0105czna przyjaci\u00f3\u0142ka zawsze gotowa do wej\u015bcia na pok\u0142ad jako [...]Czytaj dalej\u2026 from Pinocchio and Friends","og_url":"https:\/\/www.pinocchioandfriends.tv\/pl\/","og_site_name":"Pinokio i Przyjaciele","article_modified_time":"2022-06-09T14:24:47+00:00","twitter_card":"summary_large_image","twitter_misc":{"Szacowany czas czytania":"2 minuty"},"schema":{"@context":"https:\/\/schema.org","@graph":[{"@type":"WebPage","@id":"https:\/\/www.pinocchioandfriends.tv\/pl\/","url":"https:\/\/www.pinocchioandfriends.tv\/pl\/","name":"Pinocchio and Friends - Pinokio i Przyjaciele","isPartOf":{"@id":"https:\/\/www.pinocchioandfriends.tv\/pl\/#website"},"datePublished":"2021-09-30T08:22:47+00:00","dateModified":"2022-06-09T14:24:47+00:00","breadcrumb":{"@id":"https:\/\/www.pinocchioandfriends.tv\/pl\/#breadcrumb"},"inLanguage":"pl-PL","potentialAction":[{"@type":"ReadAction","target":["https:\/\/www.pinocchioandfriends.tv\/pl\/"]}]},{"@type":"BreadcrumbList","@id":"https:\/\/www.pinocchioandfriends.tv\/pl\/#breadcrumb","itemListElement":[{"@type":"ListItem","position":1,"name":"Home","item":"https:\/\/www.pinocchioandfriends.tv\/pl\/"},{"@type":"ListItem","position":2,"name":"Pinocchio and Friends"}]},{"@type":"WebSite","@id":"https:\/\/www.pinocchioandfriends.tv\/pl\/#website","url":"https:\/\/www.pinocchioandfriends.tv\/pl\/","name":"Pinokio i Przyjaciele","description":"","publisher":{"@id":"https:\/\/www.pinocchioandfriends.tv\/pl\/#organization"},"potentialAction":[{"@type":"SearchAction","target":{"@type":"EntryPoint","urlTemplate":"https:\/\/www.pinocchioandfriends.tv\/pl\/?s={search_term_string}"},"query-input":{"@type":"PropertyValueSpecification","valueRequired":true,"valueName":"search_term_string"}}],"inLanguage":"pl-PL"},{"@type":"Organization","@id":"https:\/\/www.pinocchioandfriends.tv\/pl\/#organization","name":"Pinokio i Przyjaciele","url":"https:\/\/www.pinocchioandfriends.tv\/pl\/","logo":{"@type":"ImageObject","inLanguage":"pl-PL","@id":"https:\/\/www.pinocchioandfriends.tv\/pl\/#\/schema\/logo\/image\/","url":"https:\/\/www.pinocchioandfriends.tv\/pl\/wp-content\/uploads\/sites\/4\/2021\/07\/cropped-pinocchio_ITA.png","contentUrl":"https:\/\/www.pinocchioandfriends.tv\/pl\/wp-content\/uploads\/sites\/4\/2021\/07\/cropped-pinocchio_ITA.png","width":800,"height":266,"caption":"Pinokio i Przyjaciele"},"image":{"@id":"https:\/\/www.pinocchioandfriends.tv\/pl\/#\/schema\/logo\/image\/"}}]}},"_links":{"self":[{"href":"https:\/\/www.pinocchioandfriends.tv\/pl\/wp-json\/wp\/v2\/pages\/108","targetHints":{"allow":["GET"]}}],"collection":[{"href":"https:\/\/www.pinocchioandfriends.tv\/pl\/wp-json\/wp\/v2\/pages"}],"about":[{"href":"https:\/\/www.pinocchioandfriends.tv\/pl\/wp-json\/wp\/v2\/types\/page"}],"author":[{"embeddable":true,"href":"https:\/\/www.pinocchioandfriends.tv\/pl\/wp-json\/wp\/v2\/users\/1"}],"replies":[{"embeddable":true,"href":"https:\/\/www.pinocchioandfriends.tv\/pl\/wp-json\/wp\/v2\/comments?post=108"}],"version-history":[{"count":28,"href":"https:\/\/www.pinocchioandfriends.tv\/pl\/wp-json\/wp\/v2\/pages\/108\/revisions"}],"predecessor-version":[{"id":644,"href":"https:\/\/www.pinocchioandfriends.tv\/pl\/wp-json\/wp\/v2\/pages\/108\/revisions\/644"}],"wp:attachment":[{"href":"https:\/\/www.pinocchioandfriends.tv\/pl\/wp-json\/wp\/v2\/media?parent=108"}],"wp:term":[{"taxonomy":"category","embeddable":true,"href":"https:\/\/www.pinocchioandfriends.tv\/pl\/wp-json\/wp\/v2\/categories?post=108"},{"taxonomy":"post_tag","embeddable":true,"href":"https:\/\/www.pinocchioandfriends.tv\/pl\/wp-json\/wp\/v2\/tags?post=108"}],"curies":[{"name":"wp","href":"https:\/\/api.w.org\/{rel}","templated":true}]}}