{"id":108,"date":"2021-09-30T10:22:47","date_gmt":"2021-09-30T08:22:47","guid":{"rendered":"https:\/\/www.pinocchioandfriends.tv\/it\/?page_id=108"},"modified":"2024-11-15T18:02:09","modified_gmt":"2024-11-15T17:02:09","slug":"home","status":"publish","type":"page","link":"https:\/\/www.pinocchioandfriends.tv\/it\/","title":{"rendered":"Pinocchio and Friends"},"content":{"rendered":"\n<p>La storia<\/p>\n\n\n\n<p>Pinocchio \u00e8 un burattino dal carattere unico, un incorreggibile pasticcione che ci accompagna alla scoperta del mondo con occhi nuovi nelle sue avventure insieme ai suoi amici giocattoli della Bottega delle Meraviglie di Geppetto: piccoli eroi sempre pronti ad affrontare una nuova sfida! La coraggiosa bambola pirata Freeda \u00e8 la sua inseparabile amica, sempre pronta all\u2019arrembaggio come una vera piratessa. Il mondo esterno che tanto piace a Pinocchio e Freeda spaventa per\u00f2 il timoroso e brontolone Grillo Parlante, incaricato dalla Fata Turchina di tenerlo sempre d\u2019occhio. Il Grillo cerca puntualmente di convincerlo a non uscire dalla bottega, ma Pinocchio ignora i suoi saggi consigli finendo spesso nei guai! Con Freeda e il Grillo Parlante, Pinocchio visiter\u00e0 luoghi incredibili, dal Bosco Magico all\u2019oceano, e incontrer\u00e0 amici vecchi e nuovi, buoni e cattivi\u2026 come il Gatto e la Volpe, il duo di furfanti costantemente impegnato a combinare guai!<\/p>\n\n\n\n<p>Le Locations<\/p>\n\n\n\n<p>LA BOTTEGA DELLE MERAVIGLIE<br>C\u2019\u00e8 una magia speciale in questo angolo di citt\u00e0, un posto quasi invisibile per chi va di fretta o non sa soffermarsi su ci\u00f2 che lo circonda. La Bottega delle Meraviglie di Pap\u00e0 Geppetto \u00e8 davvero straordinaria: piena di colori e invenzioni, giochi e oggetti di ogni tipo.<br>LA CITTADINA<br>Le vicende della serie si svolgono in una cittadina a misura d\u2019uomo, classico scenario italiano dove tradizione e natura si uniscono con armonia. Un grande borgo dalla vita tranquilla, un belvedere affacciato sulla campagna e i boschi, un luogo con una storia antica e angoli nascosti che per Pinocchio e i suoi amici saranno un terreno inesplorato in cui vivere mille avventure.<br>IL BOSCO MAGICO<br>Il bosco \u00e8 un posto speciale attraversato da sentieri che si intrecciano e si perdono arrivando in luoghi straordinari che solo Pinocchio e i suoi amici sanno raggiungere.<br>LA CASA DELLA FATA TURCHINA<br>Un luogo fatato nascosto nel bosco magico, dove vivono la Fata, la governante Agnese e Medoro.<br>IL GRAN TEATRO DI MANGIAFUOCO<br>Il teatro itinerante guidato da Mangiafuoco, sorprendente e ricco di bizzarre attrazioni.<br>IL NASCONDIGLIO DEL GATTO E DELLA VOLPE<br>Misterioso e pieno di oggetti di ogni tipo, il nascondiglio dei due furfanti della serie \u00e8 un luogo tutto da scoprire!<br>L\u2019OCEANO<br>Il mare sconfinato dove Pinocchio incontrer\u00e0\u2026 degli insoliti amici e nemici.<\/p>\n","protected":false},"excerpt":{"rendered":"<p>La storia Pinocchio \u00e8 un burattino dal carattere unico, un incorreggibile pasticcione che ci accompagna alla scoperta del mondo con occhi nuovi nelle sue avventure insieme ai suoi amici giocattoli della Bottega delle Meraviglie di Geppetto: piccoli eroi sempre pronti ad affrontare una nuova sfida! La coraggiosa bambola pirata Freeda \u00e8 la sua inseparabile amica, [&#8230;]<\/p>\n<p><a class=\"btn btn-secondary understrap-read-more-link\" href=\"https:\/\/www.pinocchioandfriends.tv\/it\/\">Leggi di pi\u00f9&#8230;<span class=\"screen-reader-text\"> from Pinocchio and Friends<\/span><\/a><\/p>\n","protected":false},"author":1,"featured_media":0,"parent":0,"menu_order":0,"comment_status":"closed","ping_status":"closed","template":"page-templates\/pag_lista_home.php","meta":{"_acf_changed":false,"footnotes":""},"categories":[],"tags":[6],"class_list":["post-108","page","type-page","status-publish","hentry","tag-list-home"],"acf":{"list-home":[{"ID":1028,"post_author":"2","post_date":"2024-11-15 18:01:09","post_date_gmt":"2024-11-15 17:01:09","post_content":"<!-- wp:paragraph -->\n<p>Scopri il nuovo calendario 2025 di Pinocchio and Friends<\/p>\n<!-- \/wp:paragraph -->","post_title":"Il Calendario 2025 di Pinocchio and Friends","post_excerpt":"","post_status":"publish","comment_status":"closed","ping_status":"closed","post_password":"","post_name":"il-calendario-2025-di-pinocchio-and-friends","to_ping":"","pinged":"","post_modified":"2024-11-15 18:01:10","post_modified_gmt":"2024-11-15 17:01:10","post_content_filtered":"","post_parent":0,"guid":"https:\/\/www.pinocchioandfriends.tv\/it\/?post_type=activity&#038;p=1028","menu_order":0,"post_type":"activity","post_mime_type":"","comment_count":"0","filter":"raw"},{"ID":540,"post_author":"2","post_date":"2022-05-05 11:46:05","post_date_gmt":"2022-05-05 09:46:05","post_content":"<!-- wp:paragraph -->\n<p>Sali a bordo e vola con Pinocchio e Freeda!<\/p>\n<!-- \/wp:paragraph -->","post_title":"Pronti, partenza, si vola!","post_excerpt":"Sali a bordo e vola con Pinocchio e Freeda!","post_status":"publish","comment_status":"closed","ping_status":"closed","post_password":"","post_name":"pronti-partenza-si-vola","to_ping":"","pinged":"","post_modified":"2022-05-06 09:06:06","post_modified_gmt":"2022-05-06 07:06:06","post_content_filtered":"","post_parent":0,"guid":"https:\/\/www.pinocchioandfriends.tv\/it\/?post_type=game&#038;p=540","menu_order":0,"post_type":"game","post_mime_type":"","comment_count":"0","filter":"raw"},{"ID":368,"post_author":"2","post_date":"2022-03-11 11:39:46","post_date_gmt":"2022-03-11 10:39:46","post_content":"","post_title":"A lezione di matematica con Pinocchio","post_excerpt":"Stampa, gioca e colora per imparare la matematica","post_status":"publish","comment_status":"closed","ping_status":"closed","post_password":"","post_name":"a-lezione-di-matematica-con-pinocchio","to_ping":"","pinged":"","post_modified":"2022-03-21 17:16:32","post_modified_gmt":"2022-03-21 16:16:32","post_content_filtered":"","post_parent":0,"guid":"https:\/\/www.pinocchioandfriends.tv\/it\/?post_type=activity&#038;p=368","menu_order":2,"post_type":"activity","post_mime_type":"","comment_count":"0","filter":"raw"},{"ID":136,"post_author":"2","post_date":"2021-12-22 17:21:26","post_date_gmt":"2021-12-22 16:21:26","post_content":"<!-- wp:paragraph -->\n<p>Freeda \u00e8 una bambola ma anche una vera piratessa!<br>Nell\u2019attesa di partire a bordo della sua barchetta, aiuta Pinocchio a risolvere tantissimi problemi nelle loro mille avventure.<\/p>\n<!-- \/wp:paragraph -->","post_title":"Ecco Freeda","post_excerpt":"Freeda \u00e8 una bambola ma anche una vera piratessa! \nNell\u2019attesa di partire a bordo della sua barchetta, aiuta Pinocchio a risolvere tantissimi problemi nelle loro mille avventure.","post_status":"publish","comment_status":"closed","ping_status":"closed","post_password":"","post_name":"ecco-freeda","to_ping":"","pinged":"","post_modified":"2022-06-10 15:05:21","post_modified_gmt":"2022-06-10 13:05:21","post_content_filtered":"","post_parent":0,"guid":"https:\/\/www.pinocchioandfriends.tv\/it\/?post_type=video&#038;p=136","menu_order":0,"post_type":"video","post_mime_type":"","comment_count":"0","filter":"raw"},{"ID":460,"post_author":"2","post_date":"2022-04-08 16:20:47","post_date_gmt":"2022-04-08 14:20:47","post_content":"<!-- wp:paragraph -->\n<p>Scopri le tesserine e ricomponi le coppie!<\/p>\n<!-- \/wp:paragraph -->","post_title":"Memory Game","post_excerpt":"Scopri le tesserine e ricomponi le coppie!","post_status":"publish","comment_status":"closed","ping_status":"closed","post_password":"","post_name":"memory-game","to_ping":"","pinged":"","post_modified":"2022-06-17 10:02:22","post_modified_gmt":"2022-06-17 08:02:22","post_content_filtered":"","post_parent":0,"guid":"https:\/\/www.pinocchioandfriends.tv\/it\/?post_type=game&#038;p=460","menu_order":0,"post_type":"game","post_mime_type":"","comment_count":"0","filter":"raw"},{"ID":440,"post_author":"2","post_date":"2022-03-23 16:33:44","post_date_gmt":"2022-03-23 15:33:44","post_content":"<!-- wp:paragraph -->\n<p>Stampa e crea tante storie con i personaggi di Pinocchio and Friends<\/p>\n<!-- \/wp:paragraph -->","post_title":"Marionette da dita","post_excerpt":"Stampa e crea tante storie con i personaggi di Pinocchio and Friends","post_status":"publish","comment_status":"closed","ping_status":"closed","post_password":"","post_name":"marionette-da-dita","to_ping":"","pinged":"","post_modified":"2022-03-23 16:33:44","post_modified_gmt":"2022-03-23 15:33:44","post_content_filtered":"","post_parent":0,"guid":"https:\/\/www.pinocchioandfriends.tv\/it\/?post_type=activity&#038;p=440","menu_order":26,"post_type":"activity","post_mime_type":"","comment_count":"0","filter":"raw"},{"ID":144,"post_author":"2","post_date":"2021-12-22 17:23:29","post_date_gmt":"2021-12-22 16:23:29","post_content":"<!-- wp:paragraph -->\n<p>Non \u00e8 una buona idea!\": ecco il motto del Grillo Parlante quando Pinocchio sta per cacciarsi nei guai.<br>Fortunatamente \u00e8 spesso nei paraggi per aiutarlo, con una piccola eccezione\u2026 quando ha lezione di pilates!<\/p>\n<!-- \/wp:paragraph -->","post_title":"Ecco Grillo","post_excerpt":"Non \u00e8 una buona idea!\": ecco il motto del Grillo Parlante quando Pinocchio sta per cacciarsi nei guai. \nFortunatamente \u00e8 spesso nei paraggi per aiutarlo, con una piccola eccezione... quando ha lezione di pilates!","post_status":"publish","comment_status":"closed","ping_status":"closed","post_password":"","post_name":"ecco-grillo","to_ping":"","pinged":"","post_modified":"2022-06-10 15:05:13","post_modified_gmt":"2022-06-10 13:05:13","post_content_filtered":"","post_parent":0,"guid":"https:\/\/www.pinocchioandfriends.tv\/it\/?post_type=video&#038;p=144","menu_order":0,"post_type":"video","post_mime_type":"","comment_count":"0","filter":"raw"},{"ID":140,"post_author":"1","post_date":"2021-12-22 17:22:38","post_date_gmt":"2021-12-22 16:22:38","post_content":"<!-- wp:paragraph -->\n<p>Pinocchio \u00e8 un burattino speciale che vuole esplorare il mondo, fare amicizia e vivere tante avventure!<\/p>\n<!-- \/wp:paragraph -->","post_title":"Ecco Pinocchio","post_excerpt":"Pinocchio \u00e8 un burattino speciale che vuole esplorare il mondo, fare amicizia e vivere tante avventure!","post_status":"publish","comment_status":"closed","ping_status":"closed","post_password":"","post_name":"ecco-pinocchio","to_ping":"","pinged":"","post_modified":"2022-07-15 10:53:07","post_modified_gmt":"2022-07-15 08:53:07","post_content_filtered":"","post_parent":0,"guid":"https:\/\/www.pinocchioandfriends.tv\/it\/?post_type=video&#038;p=140","menu_order":0,"post_type":"video","post_mime_type":"","comment_count":"0","filter":"raw"},{"ID":671,"post_author":"2","post_date":"2022-09-02 16:19:31","post_date_gmt":"2022-09-02 14:19:31","post_content":"<!-- wp:paragraph -->\n<p>Segnalibri per delle super letture!<\/p>\n<!-- \/wp:paragraph -->","post_title":"I segnalibri di Pinocchio and Friends","post_excerpt":"Segnalibri per delle super letture!","post_status":"publish","comment_status":"closed","ping_status":"closed","post_password":"","post_name":"i-segnalibri-di-pinocchio-and-friends","to_ping":"","pinged":"","post_modified":"2022-09-05 11:05:11","post_modified_gmt":"2022-09-05 09:05:11","post_content_filtered":"","post_parent":0,"guid":"https:\/\/www.pinocchioandfriends.tv\/it\/?post_type=activity&#038;p=671","menu_order":4,"post_type":"activity","post_mime_type":"","comment_count":"0","filter":"raw"}]},"yoast_head":"<!-- This site is optimized with the Yoast SEO plugin v27.4 - https:\/\/yoast.com\/product\/yoast-seo-wordpress\/ -->\n<title>Pinocchio and Friends - Pinocchio and Friends<\/title>\n<meta name=\"robots\" content=\"index, follow, max-snippet:-1, max-image-preview:large, max-video-preview:-1\" \/>\n<link rel=\"canonical\" href=\"https:\/\/www.pinocchioandfriends.tv\/it\/\" \/>\n<meta property=\"og:locale\" content=\"it_IT\" \/>\n<meta property=\"og:type\" content=\"article\" \/>\n<meta property=\"og:title\" content=\"Pinocchio and Friends - Pinocchio and Friends\" \/>\n<meta property=\"og:description\" content=\"La storia Pinocchio \u00e8 un burattino dal carattere unico, un incorreggibile pasticcione che ci accompagna alla scoperta del mondo con occhi nuovi nelle sue avventure insieme ai suoi amici giocattoli della Bottega delle Meraviglie di Geppetto: piccoli eroi sempre pronti ad affrontare una nuova sfida! La coraggiosa bambola pirata Freeda \u00e8 la sua inseparabile amica, [...]Leggi di pi\u00f9... from Pinocchio and Friends\" \/>\n<meta property=\"og:url\" content=\"https:\/\/www.pinocchioandfriends.tv\/it\/\" \/>\n<meta property=\"og:site_name\" content=\"Pinocchio and Friends\" \/>\n<meta property=\"article:modified_time\" content=\"2024-11-15T17:02:09+00:00\" \/>\n<meta name=\"twitter:card\" content=\"summary_large_image\" \/>\n<meta name=\"twitter:label1\" content=\"Tempo di lettura stimato\" \/>\n\t<meta name=\"twitter:data1\" content=\"2 minuti\" \/>\n<script type=\"application\/ld+json\" class=\"yoast-schema-graph\">{\"@context\":\"https:\\\/\\\/schema.org\",\"@graph\":[{\"@type\":\"WebPage\",\"@id\":\"https:\\\/\\\/www.pinocchioandfriends.tv\\\/it\\\/\",\"url\":\"https:\\\/\\\/www.pinocchioandfriends.tv\\\/it\\\/\",\"name\":\"Pinocchio and Friends - Pinocchio and Friends\",\"isPartOf\":{\"@id\":\"https:\\\/\\\/www.pinocchioandfriends.tv\\\/it\\\/#website\"},\"datePublished\":\"2021-09-30T08:22:47+00:00\",\"dateModified\":\"2024-11-15T17:02:09+00:00\",\"breadcrumb\":{\"@id\":\"https:\\\/\\\/www.pinocchioandfriends.tv\\\/it\\\/#breadcrumb\"},\"inLanguage\":\"it-IT\",\"potentialAction\":[{\"@type\":\"ReadAction\",\"target\":[\"https:\\\/\\\/www.pinocchioandfriends.tv\\\/it\\\/\"]}]},{\"@type\":\"BreadcrumbList\",\"@id\":\"https:\\\/\\\/www.pinocchioandfriends.tv\\\/it\\\/#breadcrumb\",\"itemListElement\":[{\"@type\":\"ListItem\",\"position\":1,\"name\":\"Home\",\"item\":\"https:\\\/\\\/www.pinocchioandfriends.tv\\\/it\\\/\"},{\"@type\":\"ListItem\",\"position\":2,\"name\":\"Pinocchio and Friends\"}]},{\"@type\":\"WebSite\",\"@id\":\"https:\\\/\\\/www.pinocchioandfriends.tv\\\/it\\\/#website\",\"url\":\"https:\\\/\\\/www.pinocchioandfriends.tv\\\/it\\\/\",\"name\":\"Pinocchio and Friends\",\"description\":\"In onda su Rai Yoyo\",\"publisher\":{\"@id\":\"https:\\\/\\\/www.pinocchioandfriends.tv\\\/it\\\/#organization\"},\"potentialAction\":[{\"@type\":\"SearchAction\",\"target\":{\"@type\":\"EntryPoint\",\"urlTemplate\":\"https:\\\/\\\/www.pinocchioandfriends.tv\\\/it\\\/?s={search_term_string}\"},\"query-input\":{\"@type\":\"PropertyValueSpecification\",\"valueRequired\":true,\"valueName\":\"search_term_string\"}}],\"inLanguage\":\"it-IT\"},{\"@type\":\"Organization\",\"@id\":\"https:\\\/\\\/www.pinocchioandfriends.tv\\\/it\\\/#organization\",\"name\":\"Pinocchio and Friends\",\"url\":\"https:\\\/\\\/www.pinocchioandfriends.tv\\\/it\\\/\",\"logo\":{\"@type\":\"ImageObject\",\"inLanguage\":\"it-IT\",\"@id\":\"https:\\\/\\\/www.pinocchioandfriends.tv\\\/it\\\/#\\\/schema\\\/logo\\\/image\\\/\",\"url\":\"https:\\\/\\\/www.pinocchioandfriends.tv\\\/it\\\/wp-content\\\/uploads\\\/sites\\\/3\\\/2021\\\/07\\\/cropped-pinocchio_ITA.png\",\"contentUrl\":\"https:\\\/\\\/www.pinocchioandfriends.tv\\\/it\\\/wp-content\\\/uploads\\\/sites\\\/3\\\/2021\\\/07\\\/cropped-pinocchio_ITA.png\",\"width\":800,\"height\":266,\"caption\":\"Pinocchio and Friends\"},\"image\":{\"@id\":\"https:\\\/\\\/www.pinocchioandfriends.tv\\\/it\\\/#\\\/schema\\\/logo\\\/image\\\/\"}}]}<\/script>\n<!-- \/ Yoast SEO plugin. -->","yoast_head_json":{"title":"Pinocchio and Friends - Pinocchio and Friends","robots":{"index":"index","follow":"follow","max-snippet":"max-snippet:-1","max-image-preview":"max-image-preview:large","max-video-preview":"max-video-preview:-1"},"canonical":"https:\/\/www.pinocchioandfriends.tv\/it\/","og_locale":"it_IT","og_type":"article","og_title":"Pinocchio and Friends - Pinocchio and Friends","og_description":"La storia Pinocchio \u00e8 un burattino dal carattere unico, un incorreggibile pasticcione che ci accompagna alla scoperta del mondo con occhi nuovi nelle sue avventure insieme ai suoi amici giocattoli della Bottega delle Meraviglie di Geppetto: piccoli eroi sempre pronti ad affrontare una nuova sfida! La coraggiosa bambola pirata Freeda \u00e8 la sua inseparabile amica, [...]Leggi di pi\u00f9... from Pinocchio and Friends","og_url":"https:\/\/www.pinocchioandfriends.tv\/it\/","og_site_name":"Pinocchio and Friends","article_modified_time":"2024-11-15T17:02:09+00:00","twitter_card":"summary_large_image","twitter_misc":{"Tempo di lettura stimato":"2 minuti"},"schema":{"@context":"https:\/\/schema.org","@graph":[{"@type":"WebPage","@id":"https:\/\/www.pinocchioandfriends.tv\/it\/","url":"https:\/\/www.pinocchioandfriends.tv\/it\/","name":"Pinocchio and Friends - Pinocchio and Friends","isPartOf":{"@id":"https:\/\/www.pinocchioandfriends.tv\/it\/#website"},"datePublished":"2021-09-30T08:22:47+00:00","dateModified":"2024-11-15T17:02:09+00:00","breadcrumb":{"@id":"https:\/\/www.pinocchioandfriends.tv\/it\/#breadcrumb"},"inLanguage":"it-IT","potentialAction":[{"@type":"ReadAction","target":["https:\/\/www.pinocchioandfriends.tv\/it\/"]}]},{"@type":"BreadcrumbList","@id":"https:\/\/www.pinocchioandfriends.tv\/it\/#breadcrumb","itemListElement":[{"@type":"ListItem","position":1,"name":"Home","item":"https:\/\/www.pinocchioandfriends.tv\/it\/"},{"@type":"ListItem","position":2,"name":"Pinocchio and Friends"}]},{"@type":"WebSite","@id":"https:\/\/www.pinocchioandfriends.tv\/it\/#website","url":"https:\/\/www.pinocchioandfriends.tv\/it\/","name":"Pinocchio and Friends","description":"In onda su Rai Yoyo","publisher":{"@id":"https:\/\/www.pinocchioandfriends.tv\/it\/#organization"},"potentialAction":[{"@type":"SearchAction","target":{"@type":"EntryPoint","urlTemplate":"https:\/\/www.pinocchioandfriends.tv\/it\/?s={search_term_string}"},"query-input":{"@type":"PropertyValueSpecification","valueRequired":true,"valueName":"search_term_string"}}],"inLanguage":"it-IT"},{"@type":"Organization","@id":"https:\/\/www.pinocchioandfriends.tv\/it\/#organization","name":"Pinocchio and Friends","url":"https:\/\/www.pinocchioandfriends.tv\/it\/","logo":{"@type":"ImageObject","inLanguage":"it-IT","@id":"https:\/\/www.pinocchioandfriends.tv\/it\/#\/schema\/logo\/image\/","url":"https:\/\/www.pinocchioandfriends.tv\/it\/wp-content\/uploads\/sites\/3\/2021\/07\/cropped-pinocchio_ITA.png","contentUrl":"https:\/\/www.pinocchioandfriends.tv\/it\/wp-content\/uploads\/sites\/3\/2021\/07\/cropped-pinocchio_ITA.png","width":800,"height":266,"caption":"Pinocchio and Friends"},"image":{"@id":"https:\/\/www.pinocchioandfriends.tv\/it\/#\/schema\/logo\/image\/"}}]}},"_links":{"self":[{"href":"https:\/\/www.pinocchioandfriends.tv\/it\/wp-json\/wp\/v2\/pages\/108","targetHints":{"allow":["GET"]}}],"collection":[{"href":"https:\/\/www.pinocchioandfriends.tv\/it\/wp-json\/wp\/v2\/pages"}],"about":[{"href":"https:\/\/www.pinocchioandfriends.tv\/it\/wp-json\/wp\/v2\/types\/page"}],"author":[{"embeddable":true,"href":"https:\/\/www.pinocchioandfriends.tv\/it\/wp-json\/wp\/v2\/users\/1"}],"replies":[{"embeddable":true,"href":"https:\/\/www.pinocchioandfriends.tv\/it\/wp-json\/wp\/v2\/comments?post=108"}],"version-history":[{"count":51,"href":"https:\/\/www.pinocchioandfriends.tv\/it\/wp-json\/wp\/v2\/pages\/108\/revisions"}],"predecessor-version":[{"id":1034,"href":"https:\/\/www.pinocchioandfriends.tv\/it\/wp-json\/wp\/v2\/pages\/108\/revisions\/1034"}],"wp:attachment":[{"href":"https:\/\/www.pinocchioandfriends.tv\/it\/wp-json\/wp\/v2\/media?parent=108"}],"wp:term":[{"taxonomy":"category","embeddable":true,"href":"https:\/\/www.pinocchioandfriends.tv\/it\/wp-json\/wp\/v2\/categories?post=108"},{"taxonomy":"post_tag","embeddable":true,"href":"https:\/\/www.pinocchioandfriends.tv\/it\/wp-json\/wp\/v2\/tags?post=108"}],"curies":[{"name":"wp","href":"https:\/\/api.w.org\/{rel}","templated":true}]}}